{"id":1064,"date":"2018-02-28T22:29:09","date_gmt":"2018-02-28T22:29:09","guid":{"rendered":"http:\/\/hierbabuena.mx\/sites\/homs\/kompanie\/about-us\/"},"modified":"2018-07-25T16:31:29","modified_gmt":"2018-07-25T16:31:29","slug":"ueber-uns","status":"publish","type":"page","link":"http:\/\/www.casahoms.com.mx\/de\/unternehmen\/ueber-uns\/","title":{"rendered":"\u00dcber uns"},"content":{"rendered":"<div id=\"pl-564\" class=\"panel-layout\">\n<div id=\"pg-564-0\" class=\"panel-grid panel-no-style\">\n<div id=\"pgc-564-0-0\" class=\"panel-grid-cell\" data-weight=\"1\">\n<div id=\"panel-564-0-0-0\" class=\"so-panel widget panel-first-child panel-last-child\" data-index=\"0\">\n<h1>\u00dcber uns<\/h1>\n<p class=\"p1\"><span class=\"s1\">CASA HOMS MEXICO wurde 1910 von Don Francisco Homs Mir in der Hafenstadt Veracruz gegr\u00fcndet und ist noch heute ein familiengef\u00fchrtes Unternehmen, welches sich voll auf diverse Dienstleistungen im Au\u00dfenhandel spezialisiert hat.<\/span><\/p>\n<p class=\"p1\"><span class=\"s1\">Mit mehr als 100 Jahren Tradition und Erfahrung in 3 Generationen, stellen wir uns heute erfolgreich den Herausforderungen des neuen Jahrtausends: Technischer Fortschritt, Globalisierung und internationaler Handel.<\/span><\/p>\n<p class=\"p1\"><span class=\"s1\">CASA HOMS MEXICO ist eine Unternehmensgruppe, die sich den h\u00f6chsten Qualit\u00e4tsanforderungen in allen Bereichen stellt \u2013 unterst\u00fctzt durch hochqualifiziertes Personal und effizienter Prozesse und Technologie.<\/span><\/p>\n<p>&nbsp;<\/p>\n<div class=\"embed-responsive  embed-responsive-16by9\"><iframe loading=\"lazy\" width=\"1140\" height=\"641\" src=\"https:\/\/www.youtube.com\/embed\/CeLpqchm43I?feature=oembed\" frameborder=\"0\" allow=\"autoplay; encrypted-media\" allowfullscreen><\/iframe><\/div>\n<p>&nbsp;<\/p>\n<\/div>\n<\/div>\n<\/div>\n<\/div>\n","protected":false},"excerpt":{"rendered":"<p>\u00dcber uns CASA HOMS MEXICO wurde 1910 von Don Francisco Homs Mir in der Hafenstadt Veracruz gegr\u00fcndet und ist noch heute ein familiengef\u00fchrtes Unternehmen, welches sich voll auf diverse Dienstleistungen im Au\u00dfenhandel spezialisiert hat. Mit mehr als 100 Jahren Tradition und Erfahrung in 3 Generationen, stellen wir uns heute erfolgreich den Herausforderungen des neuen Jahrtausends: &hellip;<\/p>\n","protected":false},"author":1,"featured_media":0,"parent":1062,"menu_order":0,"comment_status":"closed","ping_status":"closed","template":"","meta":{"_acf_changed":false,"footnotes":""},"class_list":["post-1064","page","type-page","status-publish","hentry"],"acf":[],"_links":{"self":[{"href":"http:\/\/www.casahoms.com.mx\/de\/wp-json\/wp\/v2\/pages\/1064","targetHints":{"allow":["GET"]}}],"collection":[{"href":"http:\/\/www.casahoms.com.mx\/de\/wp-json\/wp\/v2\/pages"}],"about":[{"href":"http:\/\/www.casahoms.com.mx\/de\/wp-json\/wp\/v2\/types\/page"}],"author":[{"embeddable":true,"href":"http:\/\/www.casahoms.com.mx\/de\/wp-json\/wp\/v2\/users\/1"}],"replies":[{"embeddable":true,"href":"http:\/\/www.casahoms.com.mx\/de\/wp-json\/wp\/v2\/comments?post=1064"}],"version-history":[{"count":3,"href":"http:\/\/www.casahoms.com.mx\/de\/wp-json\/wp\/v2\/pages\/1064\/revisions"}],"predecessor-version":[{"id":1193,"href":"http:\/\/www.casahoms.com.mx\/de\/wp-json\/wp\/v2\/pages\/1064\/revisions\/1193"}],"up":[{"embeddable":true,"href":"http:\/\/www.casahoms.com.mx\/de\/wp-json\/wp\/v2\/pages\/1062"}],"wp:attachment":[{"href":"http:\/\/www.casahoms.com.mx\/de\/wp-json\/wp\/v2\/media?parent=1064"}],"curies":[{"name":"wp","href":"https:\/\/api.w.org\/{rel}","templated":true}]}}